{"id":39,"date":"2017-12-14T09:21:39","date_gmt":"2017-12-14T08:21:39","guid":{"rendered":"http:\/\/mons-logement.be\/wp\/?page_id=39"},"modified":"2026-03-09T11:10:34","modified_gmt":"2026-03-09T10:10:34","slug":"contact","status":"publish","type":"page","link":"https:\/\/mons-logement.be\/wp\/contact\/","title":{"rendered":"Contact"},"content":{"rendered":"<p><strong><span style=\"color: #ff0000;\"><em>Nouvelle Adresse:<\/em><\/span><em> <span style=\"color: #ff0000;\">2, Rue Chanoine Puissant, Mons<br \/>\n<span style=\"color: #000000;\">Accessible par l&rsquo;arri\u00e8re de l&rsquo;immeuble UMons<br \/>\n<a href=\"https:\/\/mons-logement.be\/wp\/wp-content\/uploads\/2022\/12\/UMons.jpg\"><img loading=\"lazy\" decoding=\"async\" class=\"alignnone size-thumbnail wp-image-487\" src=\"https:\/\/mons-logement.be\/wp\/wp-content\/uploads\/2022\/12\/UMons-150x150.jpg\" alt=\"\" width=\"150\" height=\"150\" srcset=\"https:\/\/mons-logement.be\/wp\/wp-content\/uploads\/2022\/12\/UMons-150x150.jpg 150w, https:\/\/mons-logement.be\/wp\/wp-content\/uploads\/2022\/12\/UMons-300x300.jpg 300w, https:\/\/mons-logement.be\/wp\/wp-content\/uploads\/2022\/12\/UMons-768x769.jpg 768w, https:\/\/mons-logement.be\/wp\/wp-content\/uploads\/2022\/12\/UMons-1022x1024.jpg 1022w, https:\/\/mons-logement.be\/wp\/wp-content\/uploads\/2022\/12\/UMons-100x100.jpg 100w\" sizes=\"auto, (max-width: 150px) 100vw, 150px\" \/><\/a> <a href=\"https:\/\/mons-logement.be\/wp\/wp-content\/uploads\/2022\/12\/Sas-entree.jpg\"><img loading=\"lazy\" decoding=\"async\" class=\"alignnone size-thumbnail wp-image-486\" src=\"https:\/\/mons-logement.be\/wp\/wp-content\/uploads\/2022\/12\/Sas-entree-150x150.jpg\" alt=\"\" width=\"150\" height=\"150\" srcset=\"https:\/\/mons-logement.be\/wp\/wp-content\/uploads\/2022\/12\/Sas-entree-150x150.jpg 150w, https:\/\/mons-logement.be\/wp\/wp-content\/uploads\/2022\/12\/Sas-entree-100x100.jpg 100w\" sizes=\"auto, (max-width: 150px) 100vw, 150px\" \/><\/a><\/span><\/span><\/em><\/strong><\/p>\n<p><strong><em>Nous contacter:<\/em><br \/>\n<\/strong><em><strong>Par T\u00e9l\u00e9phone<\/strong><\/em>, <strong>065\/22 06 20<\/strong>, du lundi au vendredi\u00a0:<br \/>\nde 09h00 \u00e0 12h30 et de 14h00 \u00e0 16h30\u00a0(hors jours f\u00e9ri\u00e9s)<br \/>\n<em><strong>Lors de nos permanences\u00a0<\/strong><\/em>(voir onglet \u00ab\u00a0<a href=\"https:\/\/mons-logement.be\/wp\/nos-permanences\/\">permanences\u00a0<\/a>\u00bb)<br \/>\n<strong><em>Par mail<\/em><\/strong>: <a href=\"mailto:secretariat@mons-logement.be\">secretariat@mons-logement.be<\/a><\/p>\n<p><strong><em>Notre \u00e9quipe:<\/em><br \/>\nDirection :\u00a0<\/strong><em>C\u00e9cile DIGIUGNO<\/em><br \/>\n<strong>Service Social :<em><br \/>\n<\/em><\/strong><em>Sabine ROSOOR, coordinatrice, assistante sociale<\/em><br \/>\n<em>Cindy HERMAN, assistante sociale<\/em><br \/>\n<em>M\u00e9gane MARLIERE, assistante sociale<\/em><br \/>\n<strong>Service Comptabilit\u00e9 :<em><br \/>\n<\/em><\/strong><em>C\u00e9line GAUDISSART, coordinatrice comptable<\/em><br \/>\n<em>B\u00e9n\u00e9dicte RASSENEUR, aide comptable<\/em><br \/>\n<strong>D\u00e9partement Technique:<\/strong><em><strong><br \/>\n<\/strong>Emilie ALPHONSE, coordinateur, expert immobilier<\/em><br \/>\n<strong>D\u00e9partement Propri\u00e9taires &#8211; Responsable Communication:<\/strong><br \/>\n<em>Steve GORET<br \/>\n<strong>Secr\u00e9tarait:<br \/>\n<\/strong>Graziella FUCCIO &#8211; Marie JACQUEMIN<br \/>\n<\/em><\/p>\n","protected":false},"excerpt":{"rendered":"<p>Nouvelle Adresse: 2, Rue Chanoine Puissant, Mons Accessible par l&rsquo;arri\u00e8re de l&rsquo;immeuble UMons Nous contacter: Par T\u00e9l\u00e9phone, 065\/22 06 20, du lundi au vendredi\u00a0: de 09h00 \u00e0 12h30 et de 14h00 \u00e0 16h30\u00a0(hors jours f\u00e9ri\u00e9s) Lors de nos permanences\u00a0(voir onglet \u00ab\u00a0permanences\u00a0\u00bb) Par mail: secretariat@mons-logement.be Notre \u00e9quipe: Direction :\u00a0C\u00e9cile DIGIUGNO Service Social : Sabine ROSOOR, coordinatrice, &hellip; <\/p>\n<p class=\"link-more\"><a href=\"https:\/\/mons-logement.be\/wp\/contact\/\" class=\"more-link\">Continuer la lecture<span class=\"screen-reader-text\"> de &laquo;&nbsp;Contact&nbsp;&raquo;<\/span><\/a><\/p>\n","protected":false},"author":3,"featured_media":0,"parent":0,"menu_order":0,"comment_status":"closed","ping_status":"closed","template":"","meta":{"footnotes":""},"class_list":["post-39","page","type-page","status-publish","hentry"],"_links":{"self":[{"href":"https:\/\/mons-logement.be\/wp\/wp-json\/wp\/v2\/pages\/39","targetHints":{"allow":["GET"]}}],"collection":[{"href":"https:\/\/mons-logement.be\/wp\/wp-json\/wp\/v2\/pages"}],"about":[{"href":"https:\/\/mons-logement.be\/wp\/wp-json\/wp\/v2\/types\/page"}],"author":[{"embeddable":true,"href":"https:\/\/mons-logement.be\/wp\/wp-json\/wp\/v2\/users\/3"}],"replies":[{"embeddable":true,"href":"https:\/\/mons-logement.be\/wp\/wp-json\/wp\/v2\/comments?post=39"}],"version-history":[{"count":22,"href":"https:\/\/mons-logement.be\/wp\/wp-json\/wp\/v2\/pages\/39\/revisions"}],"predecessor-version":[{"id":558,"href":"https:\/\/mons-logement.be\/wp\/wp-json\/wp\/v2\/pages\/39\/revisions\/558"}],"wp:attachment":[{"href":"https:\/\/mons-logement.be\/wp\/wp-json\/wp\/v2\/media?parent=39"}],"curies":[{"name":"wp","href":"https:\/\/api.w.org\/{rel}","templated":true}]}}